{"id":330,"date":"2023-12-12T11:37:20","date_gmt":"2023-12-12T09:37:20","guid":{"rendered":"https:\/\/assessoriamacia.com\/servicios\/"},"modified":"2023-12-22T13:03:05","modified_gmt":"2023-12-22T11:03:05","slug":"servicios","status":"publish","type":"page","link":"https:\/\/assessoriamacia.com\/es\/servicios\/","title":{"rendered":"Servicios"},"content":{"rendered":"\t\t<div data-elementor-type=\"wp-page\" data-elementor-id=\"330\" class=\"elementor elementor-330 elementor-70\" data-elementor-post-type=\"page\">\n\t\t\t\t\t\t<section class=\"elementor-section elementor-top-section elementor-element elementor-element-4bade3b8 elementor-section-boxed elementor-section-height-default elementor-section-height-default\" data-id=\"4bade3b8\" data-element_type=\"section\" data-settings=\"{&quot;background_background&quot;:&quot;classic&quot;}\">\n\t\t\t\t\t\t<div class=\"elementor-container elementor-column-gap-default\">\n\t\t\t\t\t<div class=\"elementor-column elementor-col-100 elementor-top-column elementor-element elementor-element-40a13798\" data-id=\"40a13798\" data-element_type=\"column\">\n\t\t\t<div class=\"elementor-widget-wrap elementor-element-populated\">\n\t\t\t\t\t\t<div class=\"elementor-element elementor-element-28563a0c elementor-widget elementor-widget-heading\" data-id=\"28563a0c\" data-element_type=\"widget\" data-widget_type=\"heading.default\">\n\t\t\t\t<div class=\"elementor-widget-container\">\n\t\t\t<h2 class=\"elementor-heading-title elementor-size-default\">SERVICIOS<\/h2>\t\t<\/div>\n\t\t\t\t<\/div>\n\t\t\t\t<section class=\"elementor-section elementor-inner-section elementor-element elementor-element-65b9e0d2 elementor-section-boxed elementor-section-height-default elementor-section-height-default\" data-id=\"65b9e0d2\" data-element_type=\"section\">\n\t\t\t\t\t\t<div class=\"elementor-container elementor-column-gap-default\">\n\t\t\t\t\t<div class=\"elementor-column elementor-col-50 elementor-inner-column elementor-element elementor-element-1199bb61\" data-id=\"1199bb61\" data-element_type=\"column\">\n\t\t\t<div class=\"elementor-widget-wrap\">\n\t\t\t\t\t\t\t<\/div>\n\t\t<\/div>\n\t\t\t\t<div class=\"elementor-column elementor-col-50 elementor-inner-column elementor-element elementor-element-627eabfb\" data-id=\"627eabfb\" data-element_type=\"column\" data-settings=\"{&quot;background_background&quot;:&quot;classic&quot;}\">\n\t\t\t<div class=\"elementor-widget-wrap elementor-element-populated\">\n\t\t\t\t\t\t<div class=\"elementor-element elementor-element-14cde31a elementor-widget elementor-widget-text-editor\" data-id=\"14cde31a\" data-element_type=\"widget\" data-widget_type=\"text-editor.default\">\n\t\t\t\t<div class=\"elementor-widget-container\">\n\t\t\t\t\t\t\t<p>Gestor\u00eda Maci\u00e0 ofrece un amplio servicio de asesoramiento y gesti\u00f3n, fiable y pr\u00f3ximo con el cliente, en los \u00e1mbitos laboral, fiscal, contable, creaci\u00f3n de empresas, Administraciones Locales, jur\u00eddico, veh\u00edculos y otros. Nuestra tarea se basa en orientar y asesorar a nuestro cliente, con soluciones \u00f3ptimas y profesionales.<\/p>\n<p>Nuestra tarea se basa al orientar y asesorar nuestro cliente, con soluciones \u00f3ptimas y profesionales.<\/p>\n\t\t\t\t\t\t<\/div>\n\t\t\t\t<\/div>\n\t\t\t\t\t<\/div>\n\t\t<\/div>\n\t\t\t\t\t<\/div>\n\t\t<\/section>\n\t\t\t\t\t<\/div>\n\t\t<\/div>\n\t\t\t\t\t<\/div>\n\t\t<\/section>\n\t\t\t\t<section class=\"elementor-section elementor-top-section elementor-element elementor-element-31dc3197 elementor-section-boxed elementor-section-height-default elementor-section-height-default\" data-id=\"31dc3197\" data-element_type=\"section\">\n\t\t\t\t\t\t<div class=\"elementor-container elementor-column-gap-default\">\n\t\t\t\t\t<div class=\"elementor-column elementor-col-100 elementor-top-column elementor-element elementor-element-1670473e\" data-id=\"1670473e\" data-element_type=\"column\">\n\t\t\t<div class=\"elementor-widget-wrap elementor-element-populated\">\n\t\t\t\t\t\t<div class=\"elementor-element elementor-element-29145e24 elementor-widget elementor-widget-heading\" data-id=\"29145e24\" data-element_type=\"widget\" data-widget_type=\"heading.default\">\n\t\t\t\t<div class=\"elementor-widget-container\">\n\t\t\t<h2 class=\"elementor-heading-title elementor-size-default\">Laboral<\/h2>\t\t<\/div>\n\t\t\t\t<\/div>\n\t\t\t\t<div class=\"elementor-element elementor-element-57454d2c elementor-widget elementor-widget-text-editor\" data-id=\"57454d2c\" data-element_type=\"widget\" data-widget_type=\"text-editor.default\">\n\t\t\t\t<div class=\"elementor-widget-container\">\n\t\t\t\t\t\t\t<p>Alta de trabajadores a la Seguridad Social (RG. GRAL, RETA, EMPL.HOGAR)<br \/>Alta de treballadors a la Seguretat Social (RG. GRAL, RETA, EMPL.LLAR)<br \/>Confecci\u00f3 i tramitaci\u00f3 de contractes de treball, pr\u00f2rrogues, acomiadaments, comunicacions\u2026<br \/>Confecci\u00f3n de n\u00f3minas y seguros sociales.<br \/>Tramitaci\u00f3 de Vigil\u00e0ncia de la Salut, Prevenci\u00f3 de Riscos Laborals, assegurances de conveni, protocols\u2026<br \/>Representaci\u00f3n en Conciliaciones e inspecci\u00f3n de Trabajo.<br \/>Tramitaci\u00f3n de expedientes de Incapacidad Temporal, Jubilaci\u00f3n, Viudedad o cualquier otra prestaci\u00f3n a la Seguridad Social.<br \/>Confecci\u00f3n y presentaci\u00f3n de impuestos.<br \/>Recursos y escritos.<\/p>\n\t\t\t\t\t\t<\/div>\n\t\t\t\t<\/div>\n\t\t\t\t\t<\/div>\n\t\t<\/div>\n\t\t\t\t\t<\/div>\n\t\t<\/section>\n\t\t\t\t<section class=\"elementor-section elementor-top-section elementor-element elementor-element-2b395996 elementor-section-boxed elementor-section-height-default elementor-section-height-default\" data-id=\"2b395996\" data-element_type=\"section\" data-settings=\"{&quot;background_background&quot;:&quot;classic&quot;}\">\n\t\t\t\t\t\t<div class=\"elementor-container elementor-column-gap-default\">\n\t\t\t\t\t<div class=\"elementor-column elementor-col-100 elementor-top-column elementor-element elementor-element-4bc8f11a\" data-id=\"4bc8f11a\" data-element_type=\"column\">\n\t\t\t<div class=\"elementor-widget-wrap elementor-element-populated\">\n\t\t\t\t\t\t<div class=\"elementor-element elementor-element-4631f2f1 elementor-widget elementor-widget-heading\" data-id=\"4631f2f1\" data-element_type=\"widget\" data-widget_type=\"heading.default\">\n\t\t\t\t<div class=\"elementor-widget-container\">\n\t\t\t<h2 class=\"elementor-heading-title elementor-size-default\">Fiscal<\/h2>\t\t<\/div>\n\t\t\t\t<\/div>\n\t\t\t\t<div class=\"elementor-element elementor-element-34dd879f elementor-widget elementor-widget-text-editor\" data-id=\"34dd879f\" data-element_type=\"widget\" data-widget_type=\"text-editor.default\">\n\t\t\t\t<div class=\"elementor-widget-container\">\n\t\t\t\t\t\t\t<p>Gesti\u00f3n tributaria.<br \/>Confecci\u00f3n y presentaci\u00f3n de impuestos y declaraciones informativas.<br \/>Gestiones en Organismos P\u00fablicos.<br \/>Inspecciones y controles tributarios.<br \/>Planificaci\u00f3n Fiscal.<br \/>Recursos y escritos.<br \/>Optimizaci\u00f3n estructura fiscal.<br \/>Arquitectura fiscal.<\/p>\n\t\t\t\t\t\t<\/div>\n\t\t\t\t<\/div>\n\t\t\t\t\t<\/div>\n\t\t<\/div>\n\t\t\t\t\t<\/div>\n\t\t<\/section>\n\t\t\t\t<section class=\"elementor-section elementor-top-section elementor-element elementor-element-2eed7b4f elementor-section-boxed elementor-section-height-default elementor-section-height-default\" data-id=\"2eed7b4f\" data-element_type=\"section\" data-settings=\"{&quot;background_background&quot;:&quot;classic&quot;}\">\n\t\t\t\t\t\t<div class=\"elementor-container elementor-column-gap-default\">\n\t\t\t\t\t<div class=\"elementor-column elementor-col-100 elementor-top-column elementor-element elementor-element-7297254c\" data-id=\"7297254c\" data-element_type=\"column\">\n\t\t\t<div class=\"elementor-widget-wrap elementor-element-populated\">\n\t\t\t\t\t\t<div class=\"elementor-element elementor-element-dac3632 elementor-widget elementor-widget-heading\" data-id=\"dac3632\" data-element_type=\"widget\" data-widget_type=\"heading.default\">\n\t\t\t\t<div class=\"elementor-widget-container\">\n\t\t\t<h2 class=\"elementor-heading-title elementor-size-default\">Contable<\/h2>\t\t<\/div>\n\t\t\t\t<\/div>\n\t\t\t\t<div class=\"elementor-element elementor-element-416f9516 elementor-widget elementor-widget-text-editor\" data-id=\"416f9516\" data-element_type=\"widget\" data-widget_type=\"text-editor.default\">\n\t\t\t\t<div class=\"elementor-widget-container\">\n\t\t\t\t\t\t\t<p>Asesoramiento contable.<br \/>Inscripciones en Registro de la Propiedad y Mercantil.<br \/>Legalizaci\u00f3n de libros contables.<br \/>Confecci\u00f3n de contabilidad oficial.<br \/>Asistencia y defensa en procesos ante la Administraci\u00f3n Tributaria.<br \/>Consultas contables de todo tipos.<br \/>Confecci\u00f3n y presentaci\u00f3n de cuentas anuales.<br \/>Informes de situaci\u00f3n contable.<\/p>\n\t\t\t\t\t\t<\/div>\n\t\t\t\t<\/div>\n\t\t\t\t\t<\/div>\n\t\t<\/div>\n\t\t\t\t\t<\/div>\n\t\t<\/section>\n\t\t\t\t<section class=\"elementor-section elementor-top-section elementor-element elementor-element-4ec94c94 elementor-section-boxed elementor-section-height-default elementor-section-height-default\" data-id=\"4ec94c94\" data-element_type=\"section\" data-settings=\"{&quot;background_background&quot;:&quot;classic&quot;}\">\n\t\t\t\t\t\t<div class=\"elementor-container elementor-column-gap-default\">\n\t\t\t\t\t<div class=\"elementor-column elementor-col-100 elementor-top-column elementor-element elementor-element-9c32dff\" data-id=\"9c32dff\" data-element_type=\"column\">\n\t\t\t<div class=\"elementor-widget-wrap elementor-element-populated\">\n\t\t\t\t\t\t<div class=\"elementor-element elementor-element-4b9b7012 elementor-widget elementor-widget-heading\" data-id=\"4b9b7012\" data-element_type=\"widget\" data-widget_type=\"heading.default\">\n\t\t\t\t<div class=\"elementor-widget-container\">\n\t\t\t<h2 class=\"elementor-heading-title elementor-size-default\">Gestor\u00eda<\/h2>\t\t<\/div>\n\t\t\t\t<\/div>\n\t\t\t\t<div class=\"elementor-element elementor-element-465422e elementor-widget elementor-widget-text-editor\" data-id=\"465422e\" data-element_type=\"widget\" data-widget_type=\"text-editor.default\">\n\t\t\t\t<div class=\"elementor-widget-container\">\n\t\t\t\t\t\t\t<p>Impuesto sobre Transmisiones Patrimoniales y Actos Jur\u00eddicos Documentados.<br \/>Impuestos de sucesiones y donaciones.<br \/>Expedici\u00f3n de certificados digitales.<br \/>Tr\u00e1mites con el Registro de la Propiedad y el Catastro.<br \/>Contratos de alquiler, pr\u00e9stamo, etc.<br \/>Gesti\u00f3n de escrituras.<br \/>Firma electr\u00f3nica de documentos.<br \/>SMS certificados y notificaciones electr\u00f3nicas.<br \/>Mercantil.<\/p>\n\t\t\t\t\t\t<\/div>\n\t\t\t\t<\/div>\n\t\t\t\t\t<\/div>\n\t\t<\/div>\n\t\t\t\t\t<\/div>\n\t\t<\/section>\n\t\t\t\t<section class=\"elementor-section elementor-top-section elementor-element elementor-element-7cfacd64 elementor-section-boxed elementor-section-height-default elementor-section-height-default\" data-id=\"7cfacd64\" data-element_type=\"section\" data-settings=\"{&quot;background_background&quot;:&quot;classic&quot;}\">\n\t\t\t\t\t\t<div class=\"elementor-container elementor-column-gap-default\">\n\t\t\t\t\t<div class=\"elementor-column elementor-col-100 elementor-top-column elementor-element elementor-element-a0661df\" data-id=\"a0661df\" data-element_type=\"column\">\n\t\t\t<div class=\"elementor-widget-wrap elementor-element-populated\">\n\t\t\t\t\t\t<div class=\"elementor-element elementor-element-50a07e63 elementor-widget elementor-widget-heading\" data-id=\"50a07e63\" data-element_type=\"widget\" data-widget_type=\"heading.default\">\n\t\t\t\t<div class=\"elementor-widget-container\">\n\t\t\t<h2 class=\"elementor-heading-title elementor-size-default\">Creaci\u00f3n de Empresas<\/h2>\t\t<\/div>\n\t\t\t\t<\/div>\n\t\t\t\t<div class=\"elementor-element elementor-element-513d0a42 elementor-widget elementor-widget-text-editor\" data-id=\"513d0a42\" data-element_type=\"widget\" data-widget_type=\"text-editor.default\">\n\t\t\t\t<div class=\"elementor-widget-container\">\n\t\t\t\t\t\t\t<p>Constituci\u00f3n, tr\u00e1mites, asesoramiento y gesti\u00f3n del tipo de empresa o sociedad m\u00e1s adecuada a sus intereses:<br \/>Sociedad Limitada y Sociedad An\u00f3nima.<br \/>Aut\u00f3nomos.<br \/>Asociaciones.<br \/>Fundaciones.<br \/>Entidades sin \u00e1nimo de lucro.<br \/>Estudio y confecci\u00f3n de estatutos sociales.<br \/>Comunicaci\u00f3n y solicitud de inicio de actividad a organismos oficiales.<br \/>Seguimiento y asesoramiento integral de la gesti\u00f3n fiscal, contable, laboral y mercantil.<br \/>Capitalizaci\u00f3n prestaci\u00f3n paro<\/p>\n\t\t\t\t\t\t<\/div>\n\t\t\t\t<\/div>\n\t\t\t\t\t<\/div>\n\t\t<\/div>\n\t\t\t\t\t<\/div>\n\t\t<\/section>\n\t\t\t\t<section class=\"elementor-section elementor-top-section elementor-element elementor-element-3fd410d2 elementor-section-boxed elementor-section-height-default elementor-section-height-default\" data-id=\"3fd410d2\" data-element_type=\"section\" data-settings=\"{&quot;background_background&quot;:&quot;classic&quot;}\">\n\t\t\t\t\t\t<div class=\"elementor-container elementor-column-gap-default\">\n\t\t\t\t\t<div class=\"elementor-column elementor-col-100 elementor-top-column elementor-element elementor-element-7b733892\" data-id=\"7b733892\" data-element_type=\"column\">\n\t\t\t<div class=\"elementor-widget-wrap elementor-element-populated\">\n\t\t\t\t\t\t<div class=\"elementor-element elementor-element-274bb1ba elementor-widget elementor-widget-heading\" data-id=\"274bb1ba\" data-element_type=\"widget\" data-widget_type=\"heading.default\">\n\t\t\t\t<div class=\"elementor-widget-container\">\n\t\t\t<h2 class=\"elementor-heading-title elementor-size-default\">Administraciones Locales<\/h2>\t\t<\/div>\n\t\t\t\t<\/div>\n\t\t\t\t<div class=\"elementor-element elementor-element-33f67fc7 elementor-widget elementor-widget-text-editor\" data-id=\"33f67fc7\" data-element_type=\"widget\" data-widget_type=\"text-editor.default\">\n\t\t\t\t<div class=\"elementor-widget-container\">\n\t\t\t\t\t\t\t<p>Gesti\u00f3n y asesoramiento de todo tipo de Administraciones Locales (Ayuntamientos, Consorcios, Mancomunidades, etc.).<br \/>Confecci\u00f3n del presupuesto inicial, la contabilidad y la liquidaci\u00f3n de la cuenta general.<br \/>Presentaci\u00f3n en la Sindicatura de Comptes y al Departament de la Presid\u00e8ncia de los presupuestos y liquidaciones pertinentes.<br \/>Presentaci\u00f3n al Ministerio de Hacienda de los presupuestos y liquidaciones, PMP, PPMP, CIR local y declaraciones trimestrales.<\/p>\n\t\t\t\t\t\t<\/div>\n\t\t\t\t<\/div>\n\t\t\t\t\t<\/div>\n\t\t<\/div>\n\t\t\t\t\t<\/div>\n\t\t<\/section>\n\t\t\t\t<section class=\"elementor-section elementor-top-section elementor-element elementor-element-9d56aea elementor-section-boxed elementor-section-height-default elementor-section-height-default\" data-id=\"9d56aea\" data-element_type=\"section\" data-settings=\"{&quot;background_background&quot;:&quot;classic&quot;}\">\n\t\t\t\t\t\t<div class=\"elementor-container elementor-column-gap-default\">\n\t\t\t\t\t<div class=\"elementor-column elementor-col-100 elementor-top-column elementor-element elementor-element-172b4026\" data-id=\"172b4026\" data-element_type=\"column\">\n\t\t\t<div class=\"elementor-widget-wrap elementor-element-populated\">\n\t\t\t\t\t\t<div class=\"elementor-element elementor-element-137d8382 elementor-widget elementor-widget-heading\" data-id=\"137d8382\" data-element_type=\"widget\" data-widget_type=\"heading.default\">\n\t\t\t\t<div class=\"elementor-widget-container\">\n\t\t\t<h2 class=\"elementor-heading-title elementor-size-default\">Jur\u00eddico<\/h2>\t\t<\/div>\n\t\t\t\t<\/div>\n\t\t\t\t<div class=\"elementor-element elementor-element-326485e4 elementor-widget elementor-widget-text-editor\" data-id=\"326485e4\" data-element_type=\"widget\" data-widget_type=\"text-editor.default\">\n\t\t\t\t<div class=\"elementor-widget-container\">\n\t\t\t\t\t\t\t<p>Derecho Civil<br \/>Derecho Mercantil<br \/>Derecho Administrativo<br \/>Derecho Procesal<br \/>Derecho Penal<br \/>Derecho Laboral<br \/>Derecho de Familia<\/p>\n\t\t\t\t\t\t<\/div>\n\t\t\t\t<\/div>\n\t\t\t\t\t<\/div>\n\t\t<\/div>\n\t\t\t\t\t<\/div>\n\t\t<\/section>\n\t\t\t\t<section class=\"elementor-section elementor-top-section elementor-element elementor-element-3260f29a elementor-section-boxed elementor-section-height-default elementor-section-height-default\" data-id=\"3260f29a\" data-element_type=\"section\" data-settings=\"{&quot;background_background&quot;:&quot;classic&quot;}\">\n\t\t\t\t\t\t<div class=\"elementor-container elementor-column-gap-default\">\n\t\t\t\t\t<div class=\"elementor-column elementor-col-100 elementor-top-column elementor-element elementor-element-2116dae3\" data-id=\"2116dae3\" data-element_type=\"column\">\n\t\t\t<div class=\"elementor-widget-wrap elementor-element-populated\">\n\t\t\t\t\t\t<div class=\"elementor-element elementor-element-741eae6b elementor-widget elementor-widget-heading\" data-id=\"741eae6b\" data-element_type=\"widget\" data-widget_type=\"heading.default\">\n\t\t\t\t<div class=\"elementor-widget-container\">\n\t\t\t<h2 class=\"elementor-heading-title elementor-size-default\">Veh\u00edculos<\/h2>\t\t<\/div>\n\t\t\t\t<\/div>\n\t\t\t\t<div class=\"elementor-element elementor-element-409f0b90 elementor-widget elementor-widget-text-editor\" data-id=\"409f0b90\" data-element_type=\"widget\" data-widget_type=\"text-editor.default\">\n\t\t\t\t<div class=\"elementor-widget-container\">\n\t\t\t\t\t\t\t<p>Tr\u00e1fico y Transportes: cambios de nombre de veh\u00edculos, bajas, matriculaciones, etc.<\/p>\n\t\t\t\t\t\t<\/div>\n\t\t\t\t<\/div>\n\t\t\t\t\t<\/div>\n\t\t<\/div>\n\t\t\t\t\t<\/div>\n\t\t<\/section>\n\t\t\t\t<\/div>\n\t\t","protected":false},"excerpt":{"rendered":"<p>SERVICIOS Gestor\u00eda Maci\u00e0 ofrece un amplio servicio de asesoramiento y gesti\u00f3n, fiable y pr\u00f3ximo con el cliente, en los \u00e1mbitos laboral, fiscal, contable, creaci\u00f3n de empresas, Administraciones Locales, jur\u00eddico, veh\u00edculos y otros. Nuestra tarea se basa en orientar y asesorar a nuestro cliente, con soluciones \u00f3ptimas y profesionales. Nuestra tarea se basa al orientar y [&hellip;]<\/p>\n","protected":false},"author":1,"featured_media":0,"parent":0,"menu_order":0,"comment_status":"closed","ping_status":"closed","template":"elementor_header_footer","meta":{"footnotes":""},"class_list":["post-330","page","type-page","status-publish","hentry"],"aioseo_notices":[],"_links":{"self":[{"href":"https:\/\/assessoriamacia.com\/es\/wp-json\/wp\/v2\/pages\/330","targetHints":{"allow":["GET"]}}],"collection":[{"href":"https:\/\/assessoriamacia.com\/es\/wp-json\/wp\/v2\/pages"}],"about":[{"href":"https:\/\/assessoriamacia.com\/es\/wp-json\/wp\/v2\/types\/page"}],"author":[{"embeddable":true,"href":"https:\/\/assessoriamacia.com\/es\/wp-json\/wp\/v2\/users\/1"}],"replies":[{"embeddable":true,"href":"https:\/\/assessoriamacia.com\/es\/wp-json\/wp\/v2\/comments?post=330"}],"version-history":[{"count":11,"href":"https:\/\/assessoriamacia.com\/es\/wp-json\/wp\/v2\/pages\/330\/revisions"}],"predecessor-version":[{"id":436,"href":"https:\/\/assessoriamacia.com\/es\/wp-json\/wp\/v2\/pages\/330\/revisions\/436"}],"wp:attachment":[{"href":"https:\/\/assessoriamacia.com\/es\/wp-json\/wp\/v2\/media?parent=330"}],"curies":[{"name":"wp","href":"https:\/\/api.w.org\/{rel}","templated":true}]}}